{"id":2825,"date":"2019-10-08T08:40:10","date_gmt":"2019-10-08T08:40:10","guid":{"rendered":"https:\/\/ld-wp73.template-help.com\/wordpress\/prod_14990\/v1\/?page_id=2825"},"modified":"2020-10-22T14:19:46","modified_gmt":"2020-10-22T12:19:46","slug":"realizacje","status":"publish","type":"page","link":"https:\/\/mrozinzynieria.pl\/?page_id=2825","title":{"rendered":"Realizacje"},"content":{"rendered":"\t\t<div data-elementor-type=\"wp-page\" data-elementor-id=\"2825\" class=\"elementor elementor-2825\">\n\t\t\t\t\t\t<section class=\"elementor-section elementor-top-section elementor-element elementor-element-d4f0fb0 elementor-section-full_width elementor-section-height-default elementor-section-height-default\" data-id=\"d4f0fb0\" data-element_type=\"section\" data-settings=\"{&quot;jet_parallax_layout_list&quot;:[{&quot;jet_parallax_layout_image&quot;:{&quot;url&quot;:&quot;&quot;,&quot;id&quot;:&quot;&quot;,&quot;size&quot;:&quot;&quot;},&quot;_id&quot;:&quot;cd841ea&quot;,&quot;jet_parallax_layout_image_tablet&quot;:{&quot;url&quot;:&quot;&quot;,&quot;id&quot;:&quot;&quot;,&quot;size&quot;:&quot;&quot;},&quot;jet_parallax_layout_image_mobile&quot;:{&quot;url&quot;:&quot;&quot;,&quot;id&quot;:&quot;&quot;,&quot;size&quot;:&quot;&quot;},&quot;jet_parallax_layout_speed&quot;:{&quot;unit&quot;:&quot;%&quot;,&quot;size&quot;:50,&quot;sizes&quot;:[]},&quot;jet_parallax_layout_type&quot;:&quot;scroll&quot;,&quot;jet_parallax_layout_direction&quot;:null,&quot;jet_parallax_layout_fx_direction&quot;:null,&quot;jet_parallax_layout_z_index&quot;:&quot;&quot;,&quot;jet_parallax_layout_bg_x&quot;:50,&quot;jet_parallax_layout_bg_x_tablet&quot;:&quot;&quot;,&quot;jet_parallax_layout_bg_x_mobile&quot;:&quot;&quot;,&quot;jet_parallax_layout_bg_y&quot;:50,&quot;jet_parallax_layout_bg_y_tablet&quot;:&quot;&quot;,&quot;jet_parallax_layout_bg_y_mobile&quot;:&quot;&quot;,&quot;jet_parallax_layout_bg_size&quot;:&quot;auto&quot;,&quot;jet_parallax_layout_bg_size_tablet&quot;:&quot;&quot;,&quot;jet_parallax_layout_bg_size_mobile&quot;:&quot;&quot;,&quot;jet_parallax_layout_animation_prop&quot;:&quot;transform&quot;,&quot;jet_parallax_layout_on&quot;:[&quot;desktop&quot;,&quot;tablet&quot;]}]}\">\n\t\t\t\t\t\t<div class=\"elementor-container elementor-column-gap-default\">\n\t\t\t\t\t<div class=\"elementor-column elementor-col-100 elementor-top-column elementor-element elementor-element-cc5d5f7\" data-id=\"cc5d5f7\" data-element_type=\"column\">\n\t\t\t<div class=\"elementor-widget-wrap elementor-element-populated\">\n\t\t\t\t\t\t<div class=\"elementor-element elementor-element-4543d0b elementor-widget-divider--view-line elementor-widget elementor-widget-divider\" data-id=\"4543d0b\" data-element_type=\"widget\" data-widget_type=\"divider.default\">\n\t\t\t\t<div class=\"elementor-widget-container\">\n\t\t\t\t\t<div class=\"elementor-divider\">\n\t\t\t<span class=\"elementor-divider-separator\">\n\t\t\t\t\t\t<\/span>\n\t\t<\/div>\n\t\t\t\t<\/div>\n\t\t\t\t<\/div>\n\t\t\t\t<div class=\"elementor-element elementor-element-de2d1ea elementor-widget elementor-widget-heading\" data-id=\"de2d1ea\" data-element_type=\"widget\" data-widget_type=\"heading.default\">\n\t\t\t\t<div class=\"elementor-widget-container\">\n\t\t\t<h5 class=\"elementor-heading-title elementor-size-default\">REALIZACJE<\/h5>\t\t<\/div>\n\t\t\t\t<\/div>\n\t\t\t\t<div class=\"elementor-element elementor-element-ba40e84 elementor-widget elementor-widget-heading\" data-id=\"ba40e84\" data-element_type=\"widget\" data-widget_type=\"heading.default\">\n\t\t\t\t<div class=\"elementor-widget-container\">\n\t\t\t<h3 class=\"elementor-heading-title elementor-size-default\">Sprawd\u017a nasze projekty zrealizowane w ostatnich latach<\/h3>\t\t<\/div>\n\t\t\t\t<\/div>\n\t\t\t\t<div class=\"elementor-element elementor-element-06861ac elementor-widget__width-initial elementor-widget elementor-widget-text-editor\" data-id=\"06861ac\" data-element_type=\"widget\" data-widget_type=\"text-editor.default\">\n\t\t\t\t<div class=\"elementor-widget-container\">\n\t\t\t\t\t\t\t<p>Codziennie pracujemy na r\u00f3\u017cnych obiektach w ca\u0142ym kraju. W naszej historii stworzyli\u015bmy setki budynk\u00f3w i dostarczyli\u015bmy wiele odpowiadaj\u0105cych im us\u0142ug. Poni\u017cej przedstawiamy nasze najlepsze projekty.<\/p>\t\t\t\t\t\t<\/div>\n\t\t\t\t<\/div>\n\t\t\t\t<div class=\"elementor-element elementor-element-3eefa30 elementor-widget elementor-widget-jet-portfolio\" data-id=\"3eefa30\" data-element_type=\"widget\" data-settings=\"{&quot;columns_mobile&quot;:&quot;1&quot;,&quot;columns&quot;:3}\" data-widget_type=\"jet-portfolio.default\">\n\t\t\t\t<div class=\"elementor-widget-container\">\n\t\t\t<div class=\"elementor-jet-portfolio jet-elements\">\n<div class=\"jet-portfolio layout-type-grid preset-type-4 layout-desktop-column-3  layout-mobile-column-1\" data-settings=\"{&quot;layoutType&quot;:&quot;grid&quot;,&quot;perPage&quot;:6}\"><div class=\"jet-portfolio__filter\"><div class=\"jet-portfolio__filter-list\"><div class=\"jet-portfolio__filter-item active\" data-slug=\"all\"><span>All<\/span><\/div><span class=\"jet-portfolio__filter-item-separator jet-elements-icon\"><i aria-hidden=\"true\" class=\"fas fa-circle\"><\/i><\/span><div class=\"jet-portfolio__filter-item\" data-slug=\"inne\"><span>INNE<\/span><\/div><span class=\"jet-portfolio__filter-item-separator jet-elements-icon\"><i aria-hidden=\"true\" class=\"fas fa-circle\"><\/i><\/span><div class=\"jet-portfolio__filter-item\" data-slug=\"projektowanie\"><span> PROJEKTOWANIE<\/span><\/div><span class=\"jet-portfolio__filter-item-separator jet-elements-icon\"><i aria-hidden=\"true\" class=\"fas fa-circle\"><\/i><\/span><div class=\"jet-portfolio__filter-item\" data-slug=\"hale\"><span>HALE<\/span><\/div><span class=\"jet-portfolio__filter-item-separator jet-elements-icon\"><i aria-hidden=\"true\" class=\"fas fa-circle\"><\/i><\/span><div class=\"jet-portfolio__filter-item\" data-slug=\"budynki\"><span> BUDYNKI<\/span><\/div><span class=\"jet-portfolio__filter-item-separator jet-elements-icon\"><i aria-hidden=\"true\" class=\"fas fa-circle\"><\/i><\/span><div class=\"jet-portfolio__filter-item\" data-slug=\"biura\"><span>BIURA<\/span><\/div><span class=\"jet-portfolio__filter-item-separator jet-elements-icon\"><i aria-hidden=\"true\" class=\"fas fa-circle\"><\/i><\/span><div class=\"jet-portfolio__filter-item\" data-slug=\"wnetrza\"><span>WN\u0118TRZA<\/span><\/div><\/div><\/div><div class=\"jet-portfolio__list\"><article class=\"jet-portfolio__item visible-status\" data-slug=\"{&quot;0&quot;:&quot;all&quot;,&quot;1&quot;:&quot;inne&quot;,&quot;2&quot;:&quot;projektowanie&quot;}\">\n\t<div class=\"jet-portfolio__inner \">\n\t\t<a class=\"jet-portfolio__link \" href=\"https:\/\/mrozinzynieria.plwp-content\/uploads\/2020\/10\/R1.jpg\" data-elementor-open-lightbox=\"yes\">\n\t\t\t<div class=\"jet-portfolio__image\">\n\t\t\t\t<img loading=\"lazy\" decoding=\"async\" class=\"jet-portfolio__image-instance\" src=\"https:\/\/mrozinzynieria.pl\/wp-content\/uploads\/2020\/10\/R1.jpg\" width=\"1445\" height=\"813\"  alt=\"R1\" loading=\"lazy\">\t\t\t\t<div class=\"jet-portfolio__image-loader\"><span><\/span><\/div>\n\t\t\t<\/div>\n\t\t<\/a>\n\t\t<div class=\"jet-portfolio__content\">\n\t\t\t<div class=\"jet-portfolio__content-inner\"><h4 class=\"jet-portfolio__title\">Centrum Zdrowia Dziecka<\/h4><h6 class=\"jet-portfolio__category\">INNE, PROJEKTOWANIE<\/h6><p class=\"jet-portfolio__desc\">L\u0105dowisko<\/p><\/div>\n\t\t<\/div>\n\t<\/div>\n<\/article><article class=\"jet-portfolio__item visible-status\" data-slug=\"{&quot;0&quot;:&quot;all&quot;,&quot;1&quot;:&quot;hale&quot;,&quot;2&quot;:&quot;budynki&quot;}\">\n\t<div class=\"jet-portfolio__inner \">\n\t\t<a class=\"jet-portfolio__link \" href=\"https:\/\/mrozinzynieria.plwp-content\/uploads\/2020\/10\/R2.jpg\" data-elementor-open-lightbox=\"yes\">\n\t\t\t<div class=\"jet-portfolio__image\">\n\t\t\t\t<img loading=\"lazy\" decoding=\"async\" class=\"jet-portfolio__image-instance\" src=\"https:\/\/mrozinzynieria.pl\/wp-content\/uploads\/2020\/10\/R2.jpg\" width=\"1445\" height=\"813\"  alt=\"R2\" loading=\"lazy\">\t\t\t\t<div class=\"jet-portfolio__image-loader\"><span><\/span><\/div>\n\t\t\t<\/div>\n\t\t<\/a>\n\t\t<div class=\"jet-portfolio__content\">\n\t\t\t<div class=\"jet-portfolio__content-inner\"><h4 class=\"jet-portfolio__title\">D\u0105browa<\/h4><h6 class=\"jet-portfolio__category\">HALE, BUDYNKI<\/h6><p class=\"jet-portfolio__desc\">Hala - D\u0105browa\n<\/p><\/div>\n\t\t<\/div>\n\t<\/div>\n<\/article><article class=\"jet-portfolio__item visible-status\" data-slug=\"{&quot;0&quot;:&quot;all&quot;,&quot;1&quot;:&quot;budynki&quot;}\">\n\t<div class=\"jet-portfolio__inner \">\n\t\t<a class=\"jet-portfolio__link \" href=\"https:\/\/mrozinzynieria.plwp-content\/uploads\/2020\/10\/R3.jpg\" data-elementor-open-lightbox=\"yes\">\n\t\t\t<div class=\"jet-portfolio__image\">\n\t\t\t\t<img loading=\"lazy\" decoding=\"async\" class=\"jet-portfolio__image-instance\" src=\"https:\/\/mrozinzynieria.pl\/wp-content\/uploads\/2020\/10\/R3.jpg\" width=\"1445\" height=\"813\"  alt=\"R3\" loading=\"lazy\">\t\t\t\t<div class=\"jet-portfolio__image-loader\"><span><\/span><\/div>\n\t\t\t<\/div>\n\t\t<\/a>\n\t\t<div class=\"jet-portfolio__content\">\n\t\t\t<div class=\"jet-portfolio__content-inner\"><h4 class=\"jet-portfolio__title\">Dom jednorodzinny<\/h4><h6 class=\"jet-portfolio__category\">BUDYNKI<\/h6><p class=\"jet-portfolio__desc\">Domek 1-rodzinny<\/p><\/div>\n\t\t<\/div>\n\t<\/div>\n<\/article><article class=\"jet-portfolio__item visible-status\" data-slug=\"{&quot;0&quot;:&quot;all&quot;,&quot;1&quot;:&quot;biura&quot;,&quot;2&quot;:&quot;projektowanie&quot;}\">\n\t<div class=\"jet-portfolio__inner \">\n\t\t<a class=\"jet-portfolio__link \" href=\"https:\/\/mrozinzynieria.plwp-content\/uploads\/2020\/10\/R4.jpg\" data-elementor-open-lightbox=\"yes\">\n\t\t\t<div class=\"jet-portfolio__image\">\n\t\t\t\t<img loading=\"lazy\" decoding=\"async\" class=\"jet-portfolio__image-instance\" src=\"https:\/\/mrozinzynieria.pl\/wp-content\/uploads\/2020\/10\/R4.jpg\" width=\"1445\" height=\"813\"  alt=\"R4\" loading=\"lazy\">\t\t\t\t<div class=\"jet-portfolio__image-loader\"><span><\/span><\/div>\n\t\t\t<\/div>\n\t\t<\/a>\n\t\t<div class=\"jet-portfolio__content\">\n\t\t\t<div class=\"jet-portfolio__content-inner\"><h4 class=\"jet-portfolio__title\">Elektrotermex<\/h4><h6 class=\"jet-portfolio__category\">BIURA, PROJEKTOWANIE<\/h6><p class=\"jet-portfolio__desc\">Budynek Elektrotermexu<\/p><\/div>\n\t\t<\/div>\n\t<\/div>\n<\/article><article class=\"jet-portfolio__item visible-status\" data-slug=\"{&quot;0&quot;:&quot;all&quot;,&quot;1&quot;:&quot;budynki&quot;}\">\n\t<div class=\"jet-portfolio__inner \">\n\t\t<a class=\"jet-portfolio__link \" href=\"https:\/\/mrozinzynieria.plwp-content\/uploads\/2020\/10\/R5.jpg\" data-elementor-open-lightbox=\"yes\">\n\t\t\t<div class=\"jet-portfolio__image\">\n\t\t\t\t<img loading=\"lazy\" decoding=\"async\" class=\"jet-portfolio__image-instance\" src=\"https:\/\/mrozinzynieria.pl\/wp-content\/uploads\/2020\/10\/R5.jpg\" width=\"1445\" height=\"813\"  alt=\"R5\" loading=\"lazy\">\t\t\t\t<div class=\"jet-portfolio__image-loader\"><span><\/span><\/div>\n\t\t\t<\/div>\n\t\t<\/a>\n\t\t<div class=\"jet-portfolio__content\">\n\t\t\t<div class=\"jet-portfolio__content-inner\"><h4 class=\"jet-portfolio__title\">JBB<\/h4><h6 class=\"jet-portfolio__category\">BUDYNKI<\/h6><p class=\"jet-portfolio__desc\">Zak\u0142ad JBB w \u0141ysych<\/p><\/div>\n\t\t<\/div>\n\t<\/div>\n<\/article><article class=\"jet-portfolio__item visible-status\" data-slug=\"{&quot;0&quot;:&quot;all&quot;,&quot;1&quot;:&quot;wnetrza&quot;}\">\n\t<div class=\"jet-portfolio__inner \">\n\t\t<a class=\"jet-portfolio__link \" href=\"https:\/\/mrozinzynieria.plwp-content\/uploads\/2020\/10\/R6.jpg\" data-elementor-open-lightbox=\"yes\">\n\t\t\t<div class=\"jet-portfolio__image\">\n\t\t\t\t<img loading=\"lazy\" decoding=\"async\" class=\"jet-portfolio__image-instance\" src=\"https:\/\/mrozinzynieria.pl\/wp-content\/uploads\/2020\/10\/R6.jpg\" width=\"1445\" height=\"813\"  alt=\"R6\" loading=\"lazy\">\t\t\t\t<div class=\"jet-portfolio__image-loader\"><span><\/span><\/div>\n\t\t\t<\/div>\n\t\t<\/a>\n\t\t<div class=\"jet-portfolio__content\">\n\t\t\t<div class=\"jet-portfolio__content-inner\"><h4 class=\"jet-portfolio__title\">JBB Ma\u0142kinia<\/h4><h6 class=\"jet-portfolio__category\">WN\u0118TRZA<\/h6><p class=\"jet-portfolio__desc\">Zak\u0142ad JBB w Ma\u0142kini<\/p><\/div>\n\t\t<\/div>\n\t<\/div>\n<\/article><\/div><\/div>\n<\/div>\t\t<\/div>\n\t\t\t\t<\/div>\n\t\t\t\t\t<\/div>\n\t\t<\/div>\n\t\t\t\t\t<\/div>\n\t\t<\/section>\n\t\t\t\t<\/div>\n\t\t","protected":false},"excerpt":{"rendered":"<p>REALIZACJE Sprawd\u017a nasze projekty zrealizowane w ostatnich latach Codziennie pracujemy na r\u00f3\u017cnych obiektach w ca\u0142ym kraju. W naszej historii stworzyli\u015bmy setki budynk\u00f3w i dostarczyli\u015bmy wiele odpowiadaj\u0105cych im us\u0142ug. Poni\u017cej przedstawiamy nasze najlepsze projekty. AllINNE PROJEKTOWANIEHALE BUDYNKIBIURAWN\u0118TRZA Centrum Zdrowia Dziecka INNE, PROJEKTOWANIE L\u0105dowisko D\u0105browa HALE, BUDYNKI Hala &#8211; D\u0105browa Dom jednorodzinny BUDYNKI Domek 1-rodzinny Elektrotermex BIURA, [&hellip;]<\/p>\n","protected":false},"author":1,"featured_media":0,"parent":0,"menu_order":0,"comment_status":"closed","ping_status":"closed","template":"page-templates\/fullwidth-content.php","meta":{"content-type":"","footnotes":""},"class_list":["post-2825","page","type-page","status-publish","hentry"],"_links":{"self":[{"href":"https:\/\/mrozinzynieria.pl\/index.php?rest_route=\/wp\/v2\/pages\/2825","targetHints":{"allow":["GET"]}}],"collection":[{"href":"https:\/\/mrozinzynieria.pl\/index.php?rest_route=\/wp\/v2\/pages"}],"about":[{"href":"https:\/\/mrozinzynieria.pl\/index.php?rest_route=\/wp\/v2\/types\/page"}],"author":[{"embeddable":true,"href":"https:\/\/mrozinzynieria.pl\/index.php?rest_route=\/wp\/v2\/users\/1"}],"replies":[{"embeddable":true,"href":"https:\/\/mrozinzynieria.pl\/index.php?rest_route=%2Fwp%2Fv2%2Fcomments&post=2825"}],"version-history":[{"count":18,"href":"https:\/\/mrozinzynieria.pl\/index.php?rest_route=\/wp\/v2\/pages\/2825\/revisions"}],"predecessor-version":[{"id":3192,"href":"https:\/\/mrozinzynieria.pl\/index.php?rest_route=\/wp\/v2\/pages\/2825\/revisions\/3192"}],"wp:attachment":[{"href":"https:\/\/mrozinzynieria.pl\/index.php?rest_route=%2Fwp%2Fv2%2Fmedia&parent=2825"}],"curies":[{"name":"wp","href":"https:\/\/api.w.org\/{rel}","templated":true}]}}